{"id":8969,"date":"2023-11-20T22:04:27","date_gmt":"2023-11-20T21:04:27","guid":{"rendered":"https:\/\/funandtickets.com\/luggage-storage-in-the-center-of-madrid\/"},"modified":"2024-02-29T13:23:29","modified_gmt":"2024-02-29T12:23:29","slug":"consignas-en-el-centro-de-madrid","status":"publish","type":"page","link":"https:\/\/funandtickets.com\/es\/consignas-en-el-centro-de-madrid\/","title":{"rendered":"Lockers"},"content":{"rendered":"<h2 class=\" mb-4\">\u00a1No te preocupes de tu equipaje y disfruta de Madrid!<\/h2>\n<p>Bienvenido a nuestro <strong>servicio de consigna de equipajes<\/strong> situado en pleno <strong>centro de Madrid<\/strong>, justo en una de las salidas de la Plaza Mayor, en la calle Mayor, 43.<\/p>\n<p>Deja tus maletas con nosotros y explora la ciudad sin agobios.<\/p>\n<p>Pero eso no es todo, te ofrecemos comodidades adicionales para mejorar tu experiencia.<\/p>\n<p>\u00bfNecesitas<strong> imprimir tus tarjetas de embarque<\/strong>? No te preocupes. Nosotros nos encargamos.<\/p>\n<p>\u00bfPlaneas hacer alguna<strong> excursi\u00f3n por Madrid<\/strong> y sus alrededores? Nuestro atento personal puede ayudarte con las reservas.<\/p>\n<p>Y mientras esperas, disfruta de nuestro <strong>Wi-Fi gratuito<\/strong>.<\/p>\n<div class=\"row mt-4 mb-4\">\n<div class=\"col-md-6 col-lg-3 text-center\">\n<p class=\"h3 bcg-primary pt-3 pb-3 mb-0\">24 HORAS<\/p>\n<p class=\"h2 bcg-white pt-5 pb-5 mb-4\">10\u20ac<\/p>\n<\/div>\n<div class=\"col-md-6 col-lg-3 text-center\">\n<p class=\"h3 bcg-primary pt-3 pb-3 mb-0\">12 HORAS<\/p>\n<p class=\"h2 bcg-white pt-5 pb-5 mb-4\">8\u20ac<\/p>\n<\/div>\n<div class=\"col-md-6 col-lg-3 text-center\">\n<p class=\"h3 bcg-primary pt-3 pb-3 mb-0\">D\u00cdA EXTRA<\/p>\n<p class=\"h2 bcg-white pt-5 pb-5 mb-4\">5\u20ac<\/p>\n<\/div>\n<div class=\"col-md-6 col-lg-3 text-center\">\n<p class=\"h3 bcg-primary pt-3 pb-3 mb-0\">MALETA EXTRA<\/p>\n<p class=\"h2 bcg-white pt-5 pb-5 mb-4\">5\u20ac<\/p>\n<\/div>\n<\/div>\n<h2 class=\"mb-3\">RESERVA AHORA<\/h2>\n<div class=\"text-start\">\n\n<div class=\"wpcf7 no-js\" id=\"wpcf7-f9631-o1\" lang=\"es-ES\" dir=\"ltr\" data-wpcf7-id=\"9631\">\n<div class=\"screen-reader-response\"><p role=\"status\" aria-live=\"polite\" aria-atomic=\"true\"><\/p> <ul><\/ul><\/div>\n<form action=\"\/es\/wp-json\/wp\/v2\/pages\/8969#wpcf7-f9631-o1\" method=\"post\" class=\"wpcf7-form init\" aria-label=\"Formulario de contacto\" novalidate=\"novalidate\" data-status=\"init\">\n<fieldset class=\"hidden-fields-container\"><input type=\"hidden\" name=\"_wpcf7\" value=\"9631\" \/><input type=\"hidden\" name=\"_wpcf7_version\" value=\"6.1.5\" \/><input type=\"hidden\" name=\"_wpcf7_locale\" value=\"es_ES\" \/><input type=\"hidden\" name=\"_wpcf7_unit_tag\" value=\"wpcf7-f9631-o1\" \/><input type=\"hidden\" name=\"_wpcf7_container_post\" value=\"0\" \/><input type=\"hidden\" name=\"_wpcf7_posted_data_hash\" value=\"\" \/>\n<\/fieldset>\n<div class=\"form-group d-md-flex flex-row justify-content-between mb-3\">\n\t<div class=\"col-sm col-md-6 ps-0 pe-md-1 pe-0\">\n\t\t<p><label>Nombre*<\/label><br \/>\n<span class=\"wpcf7-form-control-wrap\" data-name=\"your-name\"><input size=\"40\" maxlength=\"400\" class=\"wpcf7-form-control wpcf7-text wpcf7-validates-as-required form-control\" aria-required=\"true\" aria-invalid=\"false\" value=\"\" type=\"text\" name=\"your-name\" \/><\/span>\n\t\t<\/p>\n\t<\/div>\n\t<div class=\"col-sm col-md-6 ps-md-1 pe-0 ps-1\">\n\t\t<p><label>E-mail*<\/label><br \/>\n<span class=\"wpcf7-form-control-wrap\" data-name=\"your-email\"><input size=\"40\" maxlength=\"400\" class=\"wpcf7-form-control wpcf7-email wpcf7-validates-as-required wpcf7-text wpcf7-validates-as-email form-control\" aria-required=\"true\" aria-invalid=\"false\" value=\"\" type=\"email\" name=\"your-email\" \/><\/span>\n\t\t<\/p>\n\t<\/div>\n<\/div>\n<div class=\"form-group d-md-flex flex-row justify-content-between mb-3\">\n\t<div class=\"col-sm col-md-6 ps-0 pe-md-1 pe-0\">\n\t\t<p><label>Desde*<\/label><br \/>\n<span class=\"wpcf7-form-control-wrap\" data-name=\"comienzo\"><input class=\"wpcf7-form-control wpcf7-date wpcf7-validates-as-required wpcf7-validates-as-date\" aria-required=\"true\" aria-invalid=\"false\" value=\"\" type=\"date\" name=\"comienzo\" \/><\/span>\n\t\t<\/p>\n\t<\/div>\n\t<div class=\"col-sm col-md-6 ps-md-1 pe-0 ps-1\">\n\t\t<p><label>Hasta*<\/label><br \/>\n<span class=\"wpcf7-form-control-wrap\" data-name=\"fin\"><input class=\"wpcf7-form-control wpcf7-date wpcf7-validates-as-required wpcf7-validates-as-date\" aria-required=\"true\" aria-invalid=\"false\" value=\"\" type=\"date\" name=\"fin\" \/><\/span>\n\t\t<\/p>\n\t<\/div>\n<\/div>\n<div class=\"form-group mb-3\">\n\t<div class=\"col\">\n\t\t<p><label>\u00bfCuantas piezas?*<\/label><br \/>\n<span class=\"wpcf7-form-control-wrap\" data-name=\"luggage\"><input class=\"wpcf7-form-control wpcf7-number wpcf7-validates-as-number\" min=\"1\" max=\"10\" aria-invalid=\"false\" value=\"\" type=\"number\" name=\"luggage\" \/><\/span>\n\t\t<\/p>\n\t<\/div>\n<\/div>\n<div class=\"form-group mb-4\">\n\t<p><span id=\"wpcf7-69d5f627beaaa-wrapper\" class=\"wpcf7-form-control-wrap fax-number-wrap\" style=\"display:none !important; visibility:hidden !important;\"><input type=\"hidden\" name=\"fax-number-time-start\" value=\"1775629863\"><input type=\"hidden\" name=\"fax-number-time-check\" value=\"4\"><label for=\"wpcf7-69d5f627beaaa-field\" class=\"hp-message\">Por favor, deja este campo vac\u00edo.<\/label><input id=\"wpcf7-69d5f627beaaa-field\"  placeholder=\"your_phone\"  class=\"wpcf7-form-control wpcf7-text\" type=\"text\" name=\"fax-number\" value=\"\" size=\"40\" tabindex=\"-1\" autocomplete=\"new-password\" \/><\/span><br \/>\n<span class=\"wpcf7-form-control-wrap\" data-name=\"consentimiento\"><span class=\"wpcf7-form-control wpcf7-acceptance\"><span class=\"wpcf7-list-item\"><label><input type=\"checkbox\" name=\"consentimiento\" value=\"1\" class=\"acepto\" aria-invalid=\"false\" \/><span class=\"wpcf7-list-item-label\">Al utilizar este formulario, acepta que este sitio web almacene y gestione sus datos y confirma que ha le\u00eddo nuestra  <a href=\"\/es\/politica-de-privacidad\/\">pol\u00edtica de privacidad*<\/a><\/span><\/label><\/span><\/span><\/span>\n\t<\/p>\n<\/div>\n<p style=\"margin-bottom:0;\"><input class=\"wpcf7-form-control wpcf7-submit has-spinner btn\" type=\"submit\" value=\"Send\" \/>\n<\/p><div class=\"wpcf7-response-output\" aria-hidden=\"true\"><\/div>\n<\/form>\n<\/div>\n\n<\/div>\n<p>Aprovecha al m\u00e1ximo tu estancia en Madrid con nuestros servicios. Ya sea que desees guardar tu equipaje de manera segura o necesites asistencia en cualquier aspecto de tu viaje, estamos aqu\u00ed para hacer tu visita m\u00e1s c\u00f3moda.<\/p>\n<p>Vis\u00edtanos en la <strong>Calle Mayor 43<\/strong>, deja que nos encarguemos de todos los detalles y tu c\u00e9ntrate en disfrutar de esta hermosa ciudad.<\/p>\n","protected":false},"excerpt":{"rendered":"<p>\u00a1No te preocupes de tu equipaje y disfruta de Madrid! Bienvenido a nuestro servicio de consigna de equipajes situado en pleno centro de Madrid, justo en una de las salidas de la Plaza Mayor, en la calle Mayor, 43. Deja tus maletas con nosotros y explora la ciudad sin agobios. Pero eso no es todo,<\/p>\n","protected":false},"author":1,"featured_media":8901,"parent":0,"menu_order":0,"comment_status":"closed","ping_status":"closed","template":"page-lockers.php","meta":{"_acf_changed":false,"_joinchat":[],"footnotes":""},"class_list":["post-8969","page","type-page","status-publish","has-post-thumbnail","hentry"],"acf":[],"yoast_head":"<!-- This site is optimized with the Yoast SEO plugin v27.2 - https:\/\/yoast.com\/product\/yoast-seo-wordpress\/ -->\n<title>Consigna Madrid- Excursiones Fun and Tickets<\/title>\n<meta name=\"description\" content=\"Servicio de consigna en el centro de Madrid, en las oficinas de Fun &amp; Tickets a la salida de la Plaza Mayor. \u00a1Olv\u00eddate de sus maletas!\" \/>\n<meta name=\"robots\" content=\"index, follow, max-snippet:-1, max-image-preview:large, max-video-preview:-1\" \/>\n<meta property=\"og:locale\" content=\"es_ES\" \/>\n<meta property=\"og:type\" content=\"article\" \/>\n<meta property=\"og:title\" content=\"Consigna Madrid- Excursiones Fun and Tickets\" \/>\n<meta property=\"og:description\" content=\"Servicio de consigna en el centro de Madrid, en las oficinas de Fun &amp; Tickets a la salida de la Plaza Mayor. \u00a1Olv\u00eddate de sus maletas!\" \/>\n<meta property=\"og:url\" content=\"https:\/\/funandtickets.com\/es\/consignas-en-el-centro-de-madrid\/\" \/>\n<meta property=\"og:site_name\" content=\"Excursiones Fun and Tickets\" \/>\n<meta property=\"article:publisher\" content=\"https:\/\/www.facebook.com\/funandtickets\" \/>\n<meta property=\"article:modified_time\" content=\"2024-02-29T12:23:29+00:00\" \/>\n<meta property=\"og:image\" content=\"https:\/\/funandtickets.com\/wp-content\/uploads\/2023\/11\/lockers.jpg\" \/>\n\t<meta property=\"og:image:width\" content=\"1900\" \/>\n\t<meta property=\"og:image:height\" content=\"700\" \/>\n\t<meta property=\"og:image:type\" content=\"image\/jpeg\" \/>\n<meta name=\"twitter:card\" content=\"summary_large_image\" \/>\n<meta name=\"twitter:label1\" content=\"Tiempo de lectura\" \/>\n\t<meta name=\"twitter:data1\" content=\"2 minutos\" \/>\n<script type=\"application\/ld+json\" class=\"yoast-schema-graph\">{\"@context\":\"https:\/\/schema.org\",\"@graph\":[{\"@type\":\"WebPage\",\"@id\":\"https:\/\/funandtickets.com\/es\/consignas-en-el-centro-de-madrid\/\",\"url\":\"https:\/\/funandtickets.com\/es\/consignas-en-el-centro-de-madrid\/\",\"name\":\"Consigna Madrid- Excursiones Fun and Tickets\",\"isPartOf\":{\"@id\":\"https:\/\/funandtickets.com\/es\/#website\"},\"primaryImageOfPage\":{\"@id\":\"https:\/\/funandtickets.com\/es\/consignas-en-el-centro-de-madrid\/#primaryimage\"},\"image\":{\"@id\":\"https:\/\/funandtickets.com\/es\/consignas-en-el-centro-de-madrid\/#primaryimage\"},\"thumbnailUrl\":\"https:\/\/funandtickets.com\/wp-content\/uploads\/2023\/11\/lockers.jpg\",\"datePublished\":\"2023-11-20T21:04:27+00:00\",\"dateModified\":\"2024-02-29T12:23:29+00:00\",\"description\":\"Servicio de consigna en el centro de Madrid, en las oficinas de Fun & Tickets a la salida de la Plaza Mayor. \u00a1Olv\u00eddate de sus maletas!\",\"breadcrumb\":{\"@id\":\"https:\/\/funandtickets.com\/es\/consignas-en-el-centro-de-madrid\/#breadcrumb\"},\"inLanguage\":\"es\",\"potentialAction\":[{\"@type\":\"ReadAction\",\"target\":[\"https:\/\/funandtickets.com\/es\/consignas-en-el-centro-de-madrid\/\"]}]},{\"@type\":\"ImageObject\",\"inLanguage\":\"es\",\"@id\":\"https:\/\/funandtickets.com\/es\/consignas-en-el-centro-de-madrid\/#primaryimage\",\"url\":\"https:\/\/funandtickets.com\/wp-content\/uploads\/2023\/11\/lockers.jpg\",\"contentUrl\":\"https:\/\/funandtickets.com\/wp-content\/uploads\/2023\/11\/lockers.jpg\",\"width\":1900,\"height\":700},{\"@type\":\"BreadcrumbList\",\"@id\":\"https:\/\/funandtickets.com\/es\/consignas-en-el-centro-de-madrid\/#breadcrumb\",\"itemListElement\":[{\"@type\":\"ListItem\",\"position\":1,\"name\":\"Home\",\"item\":\"https:\/\/funandtickets.com\/es\/\"},{\"@type\":\"ListItem\",\"position\":2,\"name\":\"Lockers\"}]},{\"@type\":\"WebSite\",\"@id\":\"https:\/\/funandtickets.com\/es\/#website\",\"url\":\"https:\/\/funandtickets.com\/es\/\",\"name\":\"Excursiones Fun and Tickets\",\"description\":\"Excursiones y actividades en Madrid, Toledo, \u00c1vila, Segovia, Valle de los Ca\u00eddos, El Escorial, Alcal\u00e1 de Henares e Islas Baleares\",\"publisher\":{\"@id\":\"https:\/\/funandtickets.com\/es\/#organization\"},\"potentialAction\":[{\"@type\":\"SearchAction\",\"target\":{\"@type\":\"EntryPoint\",\"urlTemplate\":\"https:\/\/funandtickets.com\/es\/?s={search_term_string}\"},\"query-input\":{\"@type\":\"PropertyValueSpecification\",\"valueRequired\":true,\"valueName\":\"search_term_string\"}}],\"inLanguage\":\"es\"},{\"@type\":\"Organization\",\"@id\":\"https:\/\/funandtickets.com\/es\/#organization\",\"name\":\"Desarrollos Turisticos S.L.\",\"alternateName\":\"Desarrollos Turisticos\",\"url\":\"https:\/\/funandtickets.com\/es\/\",\"logo\":{\"@type\":\"ImageObject\",\"inLanguage\":\"es\",\"@id\":\"https:\/\/funandtickets.com\/es\/#\/schema\/logo\/image\/\",\"url\":\"https:\/\/funandtickets.com\/wp-content\/uploads\/2018\/10\/logofunandtickets.png\",\"contentUrl\":\"https:\/\/funandtickets.com\/wp-content\/uploads\/2018\/10\/logofunandtickets.png\",\"width\":340,\"height\":156,\"caption\":\"Desarrollos Turisticos S.L.\"},\"image\":{\"@id\":\"https:\/\/funandtickets.com\/es\/#\/schema\/logo\/image\/\"},\"sameAs\":[\"https:\/\/www.facebook.com\/funandtickets\",\"https:\/\/www.instagram.com\/funandtickets\/\",\"https:\/\/www.linkedin.com\/company\/fun-and-tickets\/\",\"https:\/\/www.youtube.com\/channel\/UCAsmvGIPWcOv3qMCZnmItpQ\"]}]}<\/script>\n<!-- \/ Yoast SEO plugin. -->","yoast_head_json":{"title":"Consigna Madrid- Excursiones Fun and Tickets","description":"Servicio de consigna en el centro de Madrid, en las oficinas de Fun & Tickets a la salida de la Plaza Mayor. \u00a1Olv\u00eddate de sus maletas!","robots":{"index":"index","follow":"follow","max-snippet":"max-snippet:-1","max-image-preview":"max-image-preview:large","max-video-preview":"max-video-preview:-1"},"og_locale":"es_ES","og_type":"article","og_title":"Consigna Madrid- Excursiones Fun and Tickets","og_description":"Servicio de consigna en el centro de Madrid, en las oficinas de Fun & Tickets a la salida de la Plaza Mayor. \u00a1Olv\u00eddate de sus maletas!","og_url":"https:\/\/funandtickets.com\/es\/consignas-en-el-centro-de-madrid\/","og_site_name":"Excursiones Fun and Tickets","article_publisher":"https:\/\/www.facebook.com\/funandtickets","article_modified_time":"2024-02-29T12:23:29+00:00","og_image":[{"width":1900,"height":700,"url":"https:\/\/funandtickets.com\/wp-content\/uploads\/2023\/11\/lockers.jpg","type":"image\/jpeg"}],"twitter_card":"summary_large_image","twitter_misc":{"Tiempo de lectura":"2 minutos"},"schema":{"@context":"https:\/\/schema.org","@graph":[{"@type":"WebPage","@id":"https:\/\/funandtickets.com\/es\/consignas-en-el-centro-de-madrid\/","url":"https:\/\/funandtickets.com\/es\/consignas-en-el-centro-de-madrid\/","name":"Consigna Madrid- Excursiones Fun and Tickets","isPartOf":{"@id":"https:\/\/funandtickets.com\/es\/#website"},"primaryImageOfPage":{"@id":"https:\/\/funandtickets.com\/es\/consignas-en-el-centro-de-madrid\/#primaryimage"},"image":{"@id":"https:\/\/funandtickets.com\/es\/consignas-en-el-centro-de-madrid\/#primaryimage"},"thumbnailUrl":"https:\/\/funandtickets.com\/wp-content\/uploads\/2023\/11\/lockers.jpg","datePublished":"2023-11-20T21:04:27+00:00","dateModified":"2024-02-29T12:23:29+00:00","description":"Servicio de consigna en el centro de Madrid, en las oficinas de Fun & Tickets a la salida de la Plaza Mayor. \u00a1Olv\u00eddate de sus maletas!","breadcrumb":{"@id":"https:\/\/funandtickets.com\/es\/consignas-en-el-centro-de-madrid\/#breadcrumb"},"inLanguage":"es","potentialAction":[{"@type":"ReadAction","target":["https:\/\/funandtickets.com\/es\/consignas-en-el-centro-de-madrid\/"]}]},{"@type":"ImageObject","inLanguage":"es","@id":"https:\/\/funandtickets.com\/es\/consignas-en-el-centro-de-madrid\/#primaryimage","url":"https:\/\/funandtickets.com\/wp-content\/uploads\/2023\/11\/lockers.jpg","contentUrl":"https:\/\/funandtickets.com\/wp-content\/uploads\/2023\/11\/lockers.jpg","width":1900,"height":700},{"@type":"BreadcrumbList","@id":"https:\/\/funandtickets.com\/es\/consignas-en-el-centro-de-madrid\/#breadcrumb","itemListElement":[{"@type":"ListItem","position":1,"name":"Home","item":"https:\/\/funandtickets.com\/es\/"},{"@type":"ListItem","position":2,"name":"Lockers"}]},{"@type":"WebSite","@id":"https:\/\/funandtickets.com\/es\/#website","url":"https:\/\/funandtickets.com\/es\/","name":"Excursiones Fun and Tickets","description":"Excursiones y actividades en Madrid, Toledo, \u00c1vila, Segovia, Valle de los Ca\u00eddos, El Escorial, Alcal\u00e1 de Henares e Islas Baleares","publisher":{"@id":"https:\/\/funandtickets.com\/es\/#organization"},"potentialAction":[{"@type":"SearchAction","target":{"@type":"EntryPoint","urlTemplate":"https:\/\/funandtickets.com\/es\/?s={search_term_string}"},"query-input":{"@type":"PropertyValueSpecification","valueRequired":true,"valueName":"search_term_string"}}],"inLanguage":"es"},{"@type":"Organization","@id":"https:\/\/funandtickets.com\/es\/#organization","name":"Desarrollos Turisticos S.L.","alternateName":"Desarrollos Turisticos","url":"https:\/\/funandtickets.com\/es\/","logo":{"@type":"ImageObject","inLanguage":"es","@id":"https:\/\/funandtickets.com\/es\/#\/schema\/logo\/image\/","url":"https:\/\/funandtickets.com\/wp-content\/uploads\/2018\/10\/logofunandtickets.png","contentUrl":"https:\/\/funandtickets.com\/wp-content\/uploads\/2018\/10\/logofunandtickets.png","width":340,"height":156,"caption":"Desarrollos Turisticos S.L."},"image":{"@id":"https:\/\/funandtickets.com\/es\/#\/schema\/logo\/image\/"},"sameAs":["https:\/\/www.facebook.com\/funandtickets","https:\/\/www.instagram.com\/funandtickets\/","https:\/\/www.linkedin.com\/company\/fun-and-tickets\/","https:\/\/www.youtube.com\/channel\/UCAsmvGIPWcOv3qMCZnmItpQ"]}]}},"_links":{"self":[{"href":"https:\/\/funandtickets.com\/es\/wp-json\/wp\/v2\/pages\/8969","targetHints":{"allow":["GET"]}}],"collection":[{"href":"https:\/\/funandtickets.com\/es\/wp-json\/wp\/v2\/pages"}],"about":[{"href":"https:\/\/funandtickets.com\/es\/wp-json\/wp\/v2\/types\/page"}],"author":[{"embeddable":true,"href":"https:\/\/funandtickets.com\/es\/wp-json\/wp\/v2\/users\/1"}],"replies":[{"embeddable":true,"href":"https:\/\/funandtickets.com\/es\/wp-json\/wp\/v2\/comments?post=8969"}],"version-history":[{"count":0,"href":"https:\/\/funandtickets.com\/es\/wp-json\/wp\/v2\/pages\/8969\/revisions"}],"wp:featuredmedia":[{"embeddable":true,"href":"https:\/\/funandtickets.com\/es\/wp-json\/wp\/v2\/media\/8901"}],"wp:attachment":[{"href":"https:\/\/funandtickets.com\/es\/wp-json\/wp\/v2\/media?parent=8969"}],"curies":[{"name":"wp","href":"https:\/\/api.w.org\/{rel}","templated":true}]}}