{"id":8650,"date":"2023-10-10T19:28:59","date_gmt":"2023-10-10T17:28:59","guid":{"rendered":"https:\/\/funandtickets.com\/careers\/"},"modified":"2023-11-22T19:04:08","modified_gmt":"2023-11-22T18:04:08","slug":"empleo","status":"publish","type":"page","link":"https:\/\/funandtickets.com\/es\/empleo\/","title":{"rendered":"Empleo"},"content":{"rendered":"\n<div class=\"wp-block-group\">\n\n<h2 class=\"wp-block-heading has-text-align-center\">\u00danete a Nuestra Aventura<br>\u00danete a Nuestro Equipo<\/h2>\n\n\n\n\n<div style=\"height:1rem\" aria-hidden=\"true\" class=\"wp-block-spacer\"><\/div>\n\n\n\n<p class=\"has-text-align-center\">En Fun &amp; Tickets, estamos buscando gente apasionada y entusiasta para unirse a nuestro equipo. Si disfrutas explorando tu ciudad y compartiendo su historia y atractivos con otros, podr\u00edas ser la persona que estamos buscando.<\/p>\n\n\n\n<div style=\"height:1.5rem\" aria-hidden=\"true\" class=\"wp-block-spacer\"><\/div>\n\n\n\n<h3 class=\"wp-block-heading has-text-align-left\"><strong>Oportunidades de Empleo<\/strong><\/h3>\n\n\n<div class=\"accordion mb-4\" id=\"accordionExample\">\n<div class=\"accordion-item\">\n<h4 class=\"accordion-header\" id=\"headingOne\"><button class=\"accordion-button\" type=\"button\" data-bs-toggle=\"collapse\" data-bs-target=\"#collapseOne\" aria-expanded=\"true\" aria-controls=\"collapseOne\">Gu\u00eda tur\u00edstico<\/button><\/h4>\n<div id=\"collapseOne\" class=\"accordion-collapse collapse show\" aria-labelledby=\"headingOne\" data-bs-parent=\"#accordionExample\">\n<div class=\"accordion-body\">Si te apasiona tu ciudad y disfrutas contando historias fascinantes, nuestro puesto de gu\u00eda tur\u00edstico puede ser ideal para ti. Ser\u00e1s responsable de llevar a nuestros clientes en emocionantes tours urbano, compartiendo tus conocimientos y entusiasmo.<\/p>\n<p>M\u00ednimos requerimientos: Ingl\u00e9s y Espa\u00f1ol<\/p>\n<\/div>\n<\/div>\n<\/div>\n<p><!--\n\n\n\n\n\n\n\n\n\n<div class=\"accordion-item\">\n\n\n\n\n\n\n\n\n\n\n<h4 class=\"accordion-header\" id=\"headingTwo\">\n      <button class=\"accordion-button collapsed\" type=\"button\" data-bs-toggle=\"collapse\" data-bs-target=\"#collapseTwo\" aria-expanded=\"false\" aria-controls=\"collapseTwo\">Backoffice Customer Care<\/button><\/h4>\n\n\n\n\n\n\n\n\n\n\n\n\n\n\n\n\n\n\n\n\n<div id=\"collapseTwo\" class=\"accordion-collapse collapse\" aria-labelledby=\"headingTwo\" data-bs-parent=\"#accordionExample\">\n\n\n\n\n\n\n\n\n\n\n<div class=\"accordion-body\"><strong>This is the second item's accordion body.<\/strong> It is hidden by default, until the collapse plugin adds the appropriate classes that we use to style each element. These classes control the overall appearance, as well as the showing and hiding via CSS transitions. You can modify any of this with custom CSS or overriding our default variables. It's also worth noting that just about any HTML can go within the <code>.accordion-body<\/code>, though the transition does limit overflow.<\/div>\n\n\n\n\n\n\n\n\n\n\n<\/div>\n\n\n\n\n\n\n\n\n\n\n<\/div>\n\n\n\n\n\n\n\n\n\n\n\n\n\n\n\n\n\n\n\n\n<div class=\"accordion-item\">\n\n\n\n\n\n\n\n\n\n\n<h4 class=\"accordion-header\" id=\"headingThree\">\n      <button class=\"accordion-button collapsed\" type=\"button\" data-bs-toggle=\"collapse\" data-bs-target=\"#collapseThree\" aria-expanded=\"false\" aria-controls=\"collapseThree\">Destination Manager<\/button><\/h4>\n\n\n\n\n\n\n\n\n\n\n\n\n\n\n\n\n\n\n\n\n<div id=\"collapseThree\" class=\"accordion-collapse collapse\" aria-labelledby=\"headingThree\" data-bs-parent=\"#accordionExample\">\n\n\n\n\n\n\n\n\n\n\n<div class=\"accordion-body\"><strong>This is the third item's accordion body.<\/strong> It is hidden by default, until the collapse plugin adds the appropriate classes that we use to style each element. These classes control the overall appearance, as well as the showing and hiding via CSS transitions. You can modify any of this with custom CSS or overriding our default variables. It's also worth noting that just about any HTML can go within the <code>.accordion-body<\/code>, though the transition does limit overflow.<\/div>\n\n\n\n\n\n\n\n\n\n\n<\/div>\n\n\n\n\n\n\n\n\n\n\n<\/div>\n\n\n\n\n\n\n\n\n\n-->\n<\/div>\n\n\n<div style=\"height:1.5rem\" aria-hidden=\"true\" class=\"wp-block-spacer\"><\/div>\n\n\n\n<h3 class=\"wp-block-heading has-text-align-left\"><strong>Requisitos Generales<\/strong><\/h3>\n\n\n\n<ul class=\"wp-block-list\">\n<li>Pasi\u00f3n por la historia y los atractivos de la ciudad.<\/li>\n\n\n\n<li>Excelentes habilidades de comunicaci\u00f3n.<\/li>\n\n\n\n<li>Orientaci\u00f3n al cliente y servicio excepcional.<\/li>\n\n\n\n<li>Capacidad para trabajar en equipo.<\/li>\n\n\n\n<li>Flexibilidad y disposici\u00f3n para adaptarse a un entorno de ritmo r\u00e1pido.<\/li>\n<\/ul>\n\n\n\n<div style=\"height:1.5rem\" aria-hidden=\"true\" class=\"wp-block-spacer\"><\/div>\n\n\n\n<h3 class=\"wp-block-heading has-text-align-left\"><strong>Ubicaci\u00f3n<\/strong><\/h3>\n\n\n\n<p>Nuestra oficina se encuentra en el coraz\u00f3n de Madrid, en la emblem\u00e1tica Plaza Mayor. Desde aqu\u00ed, planificamos y organizamos nuestros tours urbanos en toda la regi\u00f3n.<\/p>\n\n\n\n<p>En Fun &amp; Tickets, valoramos la diversidad y la inclusi\u00f3n. Todos los candidatos calificados recibir\u00e1n consideraci\u00f3n sin importar su origen \u00e9tnico, religi\u00f3n, g\u00e9nero, orientaci\u00f3n sexual o discapacidad.<\/p>\n\n\n\n<p>Si est\u00e1s listo para embarcarte en esta emocionante aventura y crees que tienes lo que se necesita para ser parte de nuestro equipo, \u00a1esperamos recibir tu solicitud!<\/p>\n\n\n\n<div style=\"height:1.5rem\" aria-hidden=\"true\" class=\"wp-block-spacer\"><\/div>\n\n\n\n<h3 class=\"wp-block-heading has-text-align-left\"><strong><strong>\u00bfC\u00f3mo Aplicar?<\/strong><\/strong><\/h3>\n\n\n\n<p>Env\u00eda el siguiente formulario, adjuntando tu curr\u00edculum y una carta de presentaci\u00f3n. Estamos emocionados de conocerte y explorar juntos los encantos de Madrid, Toledo&#8230;<\/p>\n\n\n\n<div class=\"wpcf7 no-js\" id=\"wpcf7-f8645-o1\" lang=\"es-ES\" dir=\"ltr\" data-wpcf7-id=\"8645\">\n<div class=\"screen-reader-response\"><p role=\"status\" aria-live=\"polite\" aria-atomic=\"true\"><\/p> <ul><\/ul><\/div>\n<form action=\"\/es\/wp-json\/wp\/v2\/pages\/8650#wpcf7-f8645-o1\" method=\"post\" class=\"wpcf7-form init\" aria-label=\"Formulario de contacto\" enctype=\"multipart\/form-data\" novalidate=\"novalidate\" data-status=\"init\">\n<fieldset class=\"hidden-fields-container\"><input type=\"hidden\" name=\"_wpcf7\" value=\"8645\" \/><input type=\"hidden\" name=\"_wpcf7_version\" value=\"6.1.5\" \/><input type=\"hidden\" name=\"_wpcf7_locale\" value=\"es_ES\" \/><input type=\"hidden\" name=\"_wpcf7_unit_tag\" value=\"wpcf7-f8645-o1\" \/><input type=\"hidden\" name=\"_wpcf7_container_post\" value=\"0\" \/><input type=\"hidden\" name=\"_wpcf7_posted_data_hash\" value=\"\" \/>\n<\/fieldset>\n<div class=\"form-group d-md-flex flex-row justify-content-between mb-3\">\n\t<div class=\"col-sm col-md-6 ps-0 pe-md-1 pe-0\">\n\t\t<p><label>Nombre*<\/label><br \/>\n<span class=\"wpcf7-form-control-wrap\" data-name=\"your-name\"><input size=\"40\" maxlength=\"400\" class=\"wpcf7-form-control wpcf7-text wpcf7-validates-as-required form-control\" aria-required=\"true\" aria-invalid=\"false\" value=\"\" type=\"text\" name=\"your-name\" \/><\/span>\n\t\t<\/p>\n\t<\/div>\n\t<div class=\"col-sm col-md-6 ps-md-1 pe-0 ps-1\">\n\t\t<p><label>Apellidos*<\/label><br \/>\n<span class=\"wpcf7-form-control-wrap\" data-name=\"your-lastname\"><input size=\"40\" maxlength=\"400\" class=\"wpcf7-form-control wpcf7-text wpcf7-validates-as-required form-control\" aria-required=\"true\" aria-invalid=\"false\" value=\"\" type=\"text\" name=\"your-lastname\" \/><\/span>\n\t\t<\/p>\n\t<\/div>\n<\/div>\n<div class=\"form-group d-md-flex flex-row justify-content-between mb-3\">\n\t<div class=\"col-sm col-md-6 ps-0 pe-md-1 pe-0\">\n\t\t<p><label>E-mail*<\/label><br \/>\n<span class=\"wpcf7-form-control-wrap\" data-name=\"your-email\"><input size=\"40\" maxlength=\"400\" class=\"wpcf7-form-control wpcf7-email wpcf7-validates-as-required wpcf7-text wpcf7-validates-as-email form-control\" aria-required=\"true\" aria-invalid=\"false\" value=\"\" type=\"email\" name=\"your-email\" \/><\/span>\n\t\t<\/p>\n\t<\/div>\n\t<div class=\"col-sm col-md-6 ps-md-1 pe-0 ps-1\">\n\t\t<p><label>Tel\u00e9fono*<\/label><br \/>\n<span class=\"wpcf7-form-control-wrap\" data-name=\"your-tel\"><input size=\"40\" maxlength=\"400\" class=\"wpcf7-form-control wpcf7-tel wpcf7-validates-as-required wpcf7-text wpcf7-validates-as-tel\" aria-required=\"true\" aria-invalid=\"false\" value=\"\" type=\"tel\" name=\"your-tel\" \/><\/span>\n\t\t<\/p>\n\t<\/div>\n<\/div>\n<div class=\"form-group d-md-flex flex-row justify-content-between mb-3\">\n\t<div class=\"col-sm col-md-6 ps-0 pe-md-1 pe-0\">\n\t\t<p><label>Sube tu CV aqu\u00ed*<\/label><br \/>\n<span class=\"wpcf7-form-control-wrap\" data-name=\"cv\"><input size=\"40\" class=\"wpcf7-form-control wpcf7-file wpcf7-validates-as-required\" accept=\".pdf,.txt,.jpg,.png\" aria-required=\"true\" aria-invalid=\"false\" type=\"file\" name=\"cv\" \/><\/span>\n\t\t<\/p>\n\t<\/div>\n\t<div class=\"col-sm col-md-6 ps-md-1 pe-0 ps-1\">\n\t\t<p><label>Sube tu carta de presentaci\u00f3n aqu\u00ed*<\/label><br \/>\n<span class=\"wpcf7-form-control-wrap\" data-name=\"letter\"><input size=\"40\" class=\"wpcf7-form-control wpcf7-file wpcf7-validates-as-required\" accept=\".pdf,.txt,.jpg,.png\" aria-required=\"true\" aria-invalid=\"false\" type=\"file\" name=\"letter\" \/><\/span>\n\t\t<\/p>\n\t<\/div>\n<\/div>\n<div class=\"form-group mb-3\">\n\t<div class=\"col-sm-6\">\n\t\t<p><label>Elige una oferta*<\/label><br \/>\n<span class=\"wpcf7-form-control-wrap\" data-name=\"menu-698\"><select class=\"wpcf7-form-control wpcf7-select wpcf7-validates-as-required\" aria-required=\"true\" aria-invalid=\"false\" name=\"menu-698\"><option value=\"\">&#8212;Por favor, elige una opci\u00f3n&#8212;<\/option><option value=\"Gu\u00eda Tur\u00edstico\">Gu\u00eda Tur\u00edstico<\/option><option value=\"Backoffice Customer Care\">Backoffice Customer Care<\/option><option value=\"Destination Manager\">Destination Manager<\/option><\/select><\/span>\n\t\t<\/p>\n\t<\/div>\n<\/div>\n<div class=\"form-group mb-3\">\n\t<p><label>\u00bfC\u00f3mo has conocido a Fun & Tickets?*<\/label><br \/>\n<span class=\"wpcf7-form-control-wrap\" data-name=\"your-how\"><textarea cols=\"40\" rows=\"6\" maxlength=\"2000\" class=\"wpcf7-form-control wpcf7-textarea wpcf7-validates-as-required form-control\" aria-required=\"true\" aria-invalid=\"false\" name=\"your-how\"><\/textarea><\/span><br \/>\n<label>\u00bfPor qu\u00e9 quieres trabajar con nosotros?*<\/label><br \/>\n<span class=\"wpcf7-form-control-wrap\" data-name=\"your-why\"><textarea cols=\"40\" rows=\"6\" maxlength=\"2000\" class=\"wpcf7-form-control wpcf7-textarea wpcf7-validates-as-required form-control\" aria-required=\"true\" aria-invalid=\"false\" name=\"your-why\"><\/textarea><\/span>\n\t<\/p>\n<\/div>\n<div class=\"form-group mb-4\">\n\t<p><span id=\"wpcf7-69d52f655c2d8-wrapper\" class=\"wpcf7-form-control-wrap fax-number-wrap\" style=\"display:none !important; visibility:hidden !important;\"><input type=\"hidden\" name=\"fax-number-time-start\" value=\"1775578981\"><input type=\"hidden\" name=\"fax-number-time-check\" value=\"4\"><label for=\"wpcf7-69d52f655c2d8-field\" class=\"hp-message\">Por favor, deja este campo vac\u00edo.<\/label><input id=\"wpcf7-69d52f655c2d8-field\"  placeholder=\"your_phone\"  class=\"wpcf7-form-control wpcf7-text\" type=\"text\" name=\"fax-number\" value=\"\" size=\"40\" tabindex=\"-1\" autocomplete=\"new-password\" \/><\/span><br \/>\n<span class=\"wpcf7-form-control-wrap\" data-name=\"consentimiento\"><span class=\"wpcf7-form-control wpcf7-acceptance\"><span class=\"wpcf7-list-item\"><label><input type=\"checkbox\" name=\"consentimiento\" value=\"1\" class=\"acepto\" aria-invalid=\"false\" \/><span class=\"wpcf7-list-item-label\">Al usar este formulario accedes al almacenamiento y gesti\u00f3n de tus datos por parte de esta web y confirmas que has le\u00eddo nuestra <a href=\"\/es\/politica-de-privacidad\/\">pol\u00edtica de privacidad*<\/a><\/span><\/label><\/span><\/span><\/span>\n\t<\/p>\n<\/div>\n<p style=\"margin-bottom:0;\"><br \/>\n<input class=\"wpcf7-form-control wpcf7-submit has-spinner btn\" type=\"submit\" value=\"Enviar\" \/>\n<\/p><div class=\"wpcf7-response-output\" aria-hidden=\"true\"><\/div>\n<\/form>\n<\/div>\n\n\n\n\n<div style=\"height:1.5rem\" aria-hidden=\"true\" class=\"wp-block-spacer\"><\/div>\n\n\n\n<p>\u00danete a Fun &amp; Tickets y ay\u00fadanos a crear experiencias inolvidables para nuestros clientes mientras descubren los secretos mejor guardados de la ciudad. \u00a1Esperamos conocerte pronto!<\/p>\n","protected":false},"excerpt":{"rendered":"<p>\u00danete a Nuestra Aventura\u00danete a Nuestro Equipo En Fun &amp; Tickets, estamos buscando gente apasionada y entusiasta para unirse a nuestro equipo. Si disfrutas explorando tu ciudad y compartiendo su historia y atractivos con otros, podr\u00edas ser la persona que estamos buscando. Oportunidades de Empleo Gu\u00eda tur\u00edstico Si te apasiona tu ciudad y disfrutas contando<\/p>\n","protected":false},"author":1,"featured_media":0,"parent":0,"menu_order":0,"comment_status":"closed","ping_status":"closed","template":"page-empleo.php","meta":{"_acf_changed":false,"_joinchat":[],"footnotes":""},"class_list":["post-8650","page","type-page","status-publish","hentry"],"acf":[],"yoast_head":"<!-- This site is optimized with the Yoast SEO plugin v27.2 - https:\/\/yoast.com\/product\/yoast-seo-wordpress\/ -->\n<title>Ofertas empleo Fun &amp; Tickets<\/title>\n<meta name=\"description\" content=\"Ofertas empleo sector turismo en Fun &amp; Tickets. Somos una empresa en constante expansi\u00f3n, env\u00edanos tu C.V.\" \/>\n<meta name=\"robots\" content=\"index, follow, max-snippet:-1, max-image-preview:large, max-video-preview:-1\" \/>\n<meta property=\"og:locale\" content=\"es_ES\" \/>\n<meta property=\"og:type\" content=\"article\" \/>\n<meta property=\"og:title\" content=\"Ofertas empleo Fun &amp; Tickets\" \/>\n<meta property=\"og:description\" content=\"Ofertas empleo sector turismo en Fun &amp; Tickets. Somos una empresa en constante expansi\u00f3n, env\u00edanos tu C.V.\" \/>\n<meta property=\"og:url\" content=\"https:\/\/funandtickets.com\/es\/empleo\/\" \/>\n<meta property=\"og:site_name\" content=\"Excursiones Fun and Tickets\" \/>\n<meta property=\"article:publisher\" content=\"https:\/\/www.facebook.com\/funandtickets\" \/>\n<meta property=\"article:modified_time\" content=\"2023-11-22T18:04:08+00:00\" \/>\n<meta property=\"og:image\" content=\"https:\/\/funandtickets.com\/wp-content\/uploads\/2024\/10\/funandtickets-image.jpg\" \/>\n\t<meta property=\"og:image:width\" content=\"1200\" \/>\n\t<meta property=\"og:image:height\" content=\"675\" \/>\n\t<meta property=\"og:image:type\" content=\"image\/jpeg\" \/>\n<meta name=\"twitter:card\" content=\"summary_large_image\" \/>\n<meta name=\"twitter:label1\" content=\"Tiempo de lectura\" \/>\n\t<meta name=\"twitter:data1\" content=\"2 minutos\" \/>\n<script type=\"application\/ld+json\" class=\"yoast-schema-graph\">{\"@context\":\"https:\/\/schema.org\",\"@graph\":[{\"@type\":\"WebPage\",\"@id\":\"https:\/\/funandtickets.com\/es\/empleo\/\",\"url\":\"https:\/\/funandtickets.com\/es\/empleo\/\",\"name\":\"Ofertas empleo Fun & Tickets\",\"isPartOf\":{\"@id\":\"https:\/\/funandtickets.com\/es\/#website\"},\"datePublished\":\"2023-10-10T17:28:59+00:00\",\"dateModified\":\"2023-11-22T18:04:08+00:00\",\"description\":\"Ofertas empleo sector turismo en Fun & Tickets. Somos una empresa en constante expansi\u00f3n, env\u00edanos tu C.V.\",\"breadcrumb\":{\"@id\":\"https:\/\/funandtickets.com\/es\/empleo\/#breadcrumb\"},\"inLanguage\":\"es\",\"potentialAction\":[{\"@type\":\"ReadAction\",\"target\":[\"https:\/\/funandtickets.com\/es\/empleo\/\"]}]},{\"@type\":\"BreadcrumbList\",\"@id\":\"https:\/\/funandtickets.com\/es\/empleo\/#breadcrumb\",\"itemListElement\":[{\"@type\":\"ListItem\",\"position\":1,\"name\":\"Home\",\"item\":\"https:\/\/funandtickets.com\/es\/\"},{\"@type\":\"ListItem\",\"position\":2,\"name\":\"Empleo\"}]},{\"@type\":\"WebSite\",\"@id\":\"https:\/\/funandtickets.com\/es\/#website\",\"url\":\"https:\/\/funandtickets.com\/es\/\",\"name\":\"Excursiones Fun and Tickets\",\"description\":\"Excursiones y actividades en Madrid, Toledo, \u00c1vila, Segovia, Valle de los Ca\u00eddos, El Escorial, Alcal\u00e1 de Henares e Islas Baleares\",\"publisher\":{\"@id\":\"https:\/\/funandtickets.com\/es\/#organization\"},\"potentialAction\":[{\"@type\":\"SearchAction\",\"target\":{\"@type\":\"EntryPoint\",\"urlTemplate\":\"https:\/\/funandtickets.com\/es\/?s={search_term_string}\"},\"query-input\":{\"@type\":\"PropertyValueSpecification\",\"valueRequired\":true,\"valueName\":\"search_term_string\"}}],\"inLanguage\":\"es\"},{\"@type\":\"Organization\",\"@id\":\"https:\/\/funandtickets.com\/es\/#organization\",\"name\":\"Desarrollos Turisticos S.L.\",\"alternateName\":\"Desarrollos Turisticos\",\"url\":\"https:\/\/funandtickets.com\/es\/\",\"logo\":{\"@type\":\"ImageObject\",\"inLanguage\":\"es\",\"@id\":\"https:\/\/funandtickets.com\/es\/#\/schema\/logo\/image\/\",\"url\":\"https:\/\/funandtickets.com\/wp-content\/uploads\/2018\/10\/logofunandtickets.png\",\"contentUrl\":\"https:\/\/funandtickets.com\/wp-content\/uploads\/2018\/10\/logofunandtickets.png\",\"width\":340,\"height\":156,\"caption\":\"Desarrollos Turisticos S.L.\"},\"image\":{\"@id\":\"https:\/\/funandtickets.com\/es\/#\/schema\/logo\/image\/\"},\"sameAs\":[\"https:\/\/www.facebook.com\/funandtickets\",\"https:\/\/www.instagram.com\/funandtickets\/\",\"https:\/\/www.linkedin.com\/company\/fun-and-tickets\/\",\"https:\/\/www.youtube.com\/channel\/UCAsmvGIPWcOv3qMCZnmItpQ\"]}]}<\/script>\n<!-- \/ Yoast SEO plugin. -->","yoast_head_json":{"title":"Ofertas empleo Fun & Tickets","description":"Ofertas empleo sector turismo en Fun & Tickets. Somos una empresa en constante expansi\u00f3n, env\u00edanos tu C.V.","robots":{"index":"index","follow":"follow","max-snippet":"max-snippet:-1","max-image-preview":"max-image-preview:large","max-video-preview":"max-video-preview:-1"},"og_locale":"es_ES","og_type":"article","og_title":"Ofertas empleo Fun & Tickets","og_description":"Ofertas empleo sector turismo en Fun & Tickets. Somos una empresa en constante expansi\u00f3n, env\u00edanos tu C.V.","og_url":"https:\/\/funandtickets.com\/es\/empleo\/","og_site_name":"Excursiones Fun and Tickets","article_publisher":"https:\/\/www.facebook.com\/funandtickets","article_modified_time":"2023-11-22T18:04:08+00:00","og_image":[{"width":1200,"height":675,"url":"https:\/\/funandtickets.com\/wp-content\/uploads\/2024\/10\/funandtickets-image.jpg","type":"image\/jpeg"}],"twitter_card":"summary_large_image","twitter_misc":{"Tiempo de lectura":"2 minutos"},"schema":{"@context":"https:\/\/schema.org","@graph":[{"@type":"WebPage","@id":"https:\/\/funandtickets.com\/es\/empleo\/","url":"https:\/\/funandtickets.com\/es\/empleo\/","name":"Ofertas empleo Fun & Tickets","isPartOf":{"@id":"https:\/\/funandtickets.com\/es\/#website"},"datePublished":"2023-10-10T17:28:59+00:00","dateModified":"2023-11-22T18:04:08+00:00","description":"Ofertas empleo sector turismo en Fun & Tickets. Somos una empresa en constante expansi\u00f3n, env\u00edanos tu C.V.","breadcrumb":{"@id":"https:\/\/funandtickets.com\/es\/empleo\/#breadcrumb"},"inLanguage":"es","potentialAction":[{"@type":"ReadAction","target":["https:\/\/funandtickets.com\/es\/empleo\/"]}]},{"@type":"BreadcrumbList","@id":"https:\/\/funandtickets.com\/es\/empleo\/#breadcrumb","itemListElement":[{"@type":"ListItem","position":1,"name":"Home","item":"https:\/\/funandtickets.com\/es\/"},{"@type":"ListItem","position":2,"name":"Empleo"}]},{"@type":"WebSite","@id":"https:\/\/funandtickets.com\/es\/#website","url":"https:\/\/funandtickets.com\/es\/","name":"Excursiones Fun and Tickets","description":"Excursiones y actividades en Madrid, Toledo, \u00c1vila, Segovia, Valle de los Ca\u00eddos, El Escorial, Alcal\u00e1 de Henares e Islas Baleares","publisher":{"@id":"https:\/\/funandtickets.com\/es\/#organization"},"potentialAction":[{"@type":"SearchAction","target":{"@type":"EntryPoint","urlTemplate":"https:\/\/funandtickets.com\/es\/?s={search_term_string}"},"query-input":{"@type":"PropertyValueSpecification","valueRequired":true,"valueName":"search_term_string"}}],"inLanguage":"es"},{"@type":"Organization","@id":"https:\/\/funandtickets.com\/es\/#organization","name":"Desarrollos Turisticos S.L.","alternateName":"Desarrollos Turisticos","url":"https:\/\/funandtickets.com\/es\/","logo":{"@type":"ImageObject","inLanguage":"es","@id":"https:\/\/funandtickets.com\/es\/#\/schema\/logo\/image\/","url":"https:\/\/funandtickets.com\/wp-content\/uploads\/2018\/10\/logofunandtickets.png","contentUrl":"https:\/\/funandtickets.com\/wp-content\/uploads\/2018\/10\/logofunandtickets.png","width":340,"height":156,"caption":"Desarrollos Turisticos S.L."},"image":{"@id":"https:\/\/funandtickets.com\/es\/#\/schema\/logo\/image\/"},"sameAs":["https:\/\/www.facebook.com\/funandtickets","https:\/\/www.instagram.com\/funandtickets\/","https:\/\/www.linkedin.com\/company\/fun-and-tickets\/","https:\/\/www.youtube.com\/channel\/UCAsmvGIPWcOv3qMCZnmItpQ"]}]}},"_links":{"self":[{"href":"https:\/\/funandtickets.com\/es\/wp-json\/wp\/v2\/pages\/8650","targetHints":{"allow":["GET"]}}],"collection":[{"href":"https:\/\/funandtickets.com\/es\/wp-json\/wp\/v2\/pages"}],"about":[{"href":"https:\/\/funandtickets.com\/es\/wp-json\/wp\/v2\/types\/page"}],"author":[{"embeddable":true,"href":"https:\/\/funandtickets.com\/es\/wp-json\/wp\/v2\/users\/1"}],"replies":[{"embeddable":true,"href":"https:\/\/funandtickets.com\/es\/wp-json\/wp\/v2\/comments?post=8650"}],"version-history":[{"count":0,"href":"https:\/\/funandtickets.com\/es\/wp-json\/wp\/v2\/pages\/8650\/revisions"}],"wp:attachment":[{"href":"https:\/\/funandtickets.com\/es\/wp-json\/wp\/v2\/media?parent=8650"}],"curies":[{"name":"wp","href":"https:\/\/api.w.org\/{rel}","templated":true}]}}