{"id":3798,"date":"2018-10-08T10:08:49","date_gmt":"2018-10-08T09:08:49","guid":{"rendered":"https:\/\/funandtickets.com\/privacy-policy\/"},"modified":"2025-11-25T22:23:47","modified_gmt":"2025-11-25T21:23:47","slug":"politica-de-privacidad","status":"publish","type":"page","link":"https:\/\/funandtickets.com\/es\/politica-de-privacidad\/","title":{"rendered":"Pol\u00edtica de Privacidad"},"content":{"rendered":"<p>La presente Pol\u00edtica de Privacidad establece los t\u00e9rminos en que <strong>DESARROLLOS TURISTICOS 2018 S.L<\/strong> usa y protege la informaci\u00f3n que es proporcionada por sus usuarios al momento de utilizar su sitio web.<\/p>\n<p>Esta compa\u00f1\u00eda est\u00e1 comprometida con la seguridad de los datos de sus usuarios. Cuando le pedimos llenar los campos de informaci\u00f3n personal con la cual usted pueda ser identificado, lo hacemos asegurando que s\u00f3lo se emplear\u00e1 de acuerdo con los t\u00e9rminos de este documento.<\/p>\n<p>Sin embargo esta Pol\u00edtica de Privacidad puede cambiar con el tiempo o ser actualizada por lo que le recomendamos y enfatizamos revisar continuamente esta p\u00e1gina para asegurarse que est\u00e1 de acuerdo con dichos cambios.<\/p>\n<p><strong>Derechos de los usuarios<\/strong><br \/>\nLe informamos que puede ejercitar sus derechos de acceso, rectificaci\u00f3n, cancelaci\u00f3n y oposici\u00f3n con arreglo a lo previsto en Reglamento 2016\/679 del 27 de Abril de Protecci\u00f3n de Datos de Car\u00e1cter Personal enviando un mail a <a href=\"mailto:ADMINISTRACION@FUNANDTICKETS.COM\">ADMINISTRACION@FUNANDTICKETS.COM<\/a>, o una carta junto con la fotocopia de su DNI, a la siguiente direcci\u00f3n: C\/ Mayor, 43 Madrid 28013<\/p>\n<p><strong>Informaci\u00f3n que es recogida<\/strong><br \/>\nNuestro sitio web podr\u00e1 recoger informaci\u00f3n personal por ejemplo: Nombre, informaci\u00f3n de contacto como su direcci\u00f3n de correo electr\u00f3nica e informaci\u00f3n demogr\u00e1fica. As\u00ed mismo cuando sea necesario podr\u00e1 ser requerida informaci\u00f3n espec\u00edfica para procesar alg\u00fan pedido o realizar una entrega o facturaci\u00f3n.<\/p>\n<p><strong>Uso de la informaci\u00f3n recogida<\/strong><br \/>\nNuestro sitio web emplea la informaci\u00f3n con el fin de proporcionar el mejor servicio posible, particularmente para mantener un registro de usuarios, de pedidos en caso que aplique, y mejorar nuestros productos y servicios. Es posible que sean enviados correos electr\u00f3nicos peri\u00f3dicamente a trav\u00e9s de nuestro sitio con ofertas especiales, nuevos productos y otra informaci\u00f3n publicitaria que consideremos relevante para usted o que pueda brindarle alg\u00fan beneficio, estos correos electr\u00f3nicos ser\u00e1n enviados a la direcci\u00f3n que usted proporcione y podr\u00e1n ser cancelados en cualquier momento.<\/p>\n<p>DESAROLLOS TURISTICOS 2018 S.L est\u00e1 altamente comprometido para cumplir con el compromiso de mantener su informaci\u00f3n segura. Usamos los sistemas m\u00e1s avanzados y los actualizamos constantemente para asegurarnos que no exista ning\u00fan acceso no autorizado.<\/p>\n<p><strong>Datos del responsable del fichero<\/strong><\/p>\n<p>\u2022 Identidad: Desarrollos Tur\u00edsticos 2018 S.L. \u2013 Fun &amp; Tickets.<br \/>\n\u2022 Direcci\u00f3n: C\/ Mayor, 43 Madrid 28013<br \/>\n\u2022 Tel\u00e9fono: 910 532 221<br \/>\n\u2022 Email: <a href=\"mailto:info@funandtickets.com\">info@funandtickets.com<\/a><\/p>\n","protected":false},"excerpt":{"rendered":"<p>La presente Pol\u00edtica de Privacidad establece los t\u00e9rminos en que DESARROLLOS TURISTICOS 2018 S.L usa y protege la informaci\u00f3n que es proporcionada por sus usuarios al momento de utilizar su sitio web. Esta compa\u00f1\u00eda est\u00e1 comprometida con la seguridad de los datos de sus usuarios. Cuando le pedimos llenar los campos de informaci\u00f3n personal con<\/p>\n","protected":false},"author":1,"featured_media":0,"parent":0,"menu_order":0,"comment_status":"closed","ping_status":"open","template":"","meta":{"_acf_changed":false,"_joinchat":[],"footnotes":""},"class_list":["post-3798","page","type-page","status-publish","hentry"],"acf":[],"yoast_head":"<!-- This site is optimized with the Yoast SEO plugin v27.2 - https:\/\/yoast.com\/product\/yoast-seo-wordpress\/ -->\n<title>Pol\u00edtica de Privacidad - Excursiones Fun and Tickets<\/title>\n<meta name=\"robots\" content=\"index, nofollow, max-snippet:-1, max-image-preview:large, max-video-preview:-1\" \/>\n<meta property=\"og:locale\" content=\"es_ES\" \/>\n<meta property=\"og:type\" content=\"article\" \/>\n<meta property=\"og:title\" content=\"Pol\u00edtica de Privacidad - Excursiones Fun and Tickets\" \/>\n<meta property=\"og:description\" content=\"La presente Pol\u00edtica de Privacidad establece los t\u00e9rminos en que DESARROLLOS TURISTICOS 2018 S.L usa y protege la informaci\u00f3n que es proporcionada por sus usuarios al momento de utilizar su sitio web. Esta compa\u00f1\u00eda est\u00e1 comprometida con la seguridad de los datos de sus usuarios. Cuando le pedimos llenar los campos de informaci\u00f3n personal con\" \/>\n<meta property=\"og:url\" content=\"https:\/\/funandtickets.com\/es\/politica-de-privacidad\/\" \/>\n<meta property=\"og:site_name\" content=\"Excursiones Fun and Tickets\" \/>\n<meta property=\"article:publisher\" content=\"https:\/\/www.facebook.com\/funandtickets\" \/>\n<meta property=\"article:modified_time\" content=\"2025-11-25T21:23:47+00:00\" \/>\n<meta property=\"og:image\" content=\"https:\/\/funandtickets.com\/wp-content\/uploads\/2024\/10\/funandtickets-image.jpg\" \/>\n\t<meta property=\"og:image:width\" content=\"1200\" \/>\n\t<meta property=\"og:image:height\" content=\"675\" \/>\n\t<meta property=\"og:image:type\" content=\"image\/jpeg\" \/>\n<meta name=\"twitter:card\" content=\"summary_large_image\" \/>\n<meta name=\"twitter:label1\" content=\"Tiempo de lectura\" \/>\n\t<meta name=\"twitter:data1\" content=\"2 minutos\" \/>\n<script type=\"application\/ld+json\" class=\"yoast-schema-graph\">{\"@context\":\"https:\/\/schema.org\",\"@graph\":[{\"@type\":\"WebPage\",\"@id\":\"https:\/\/funandtickets.com\/es\/politica-de-privacidad\/\",\"url\":\"https:\/\/funandtickets.com\/es\/politica-de-privacidad\/\",\"name\":\"Pol\u00edtica de Privacidad - Excursiones Fun and Tickets\",\"isPartOf\":{\"@id\":\"https:\/\/funandtickets.com\/es\/#website\"},\"datePublished\":\"2018-10-08T09:08:49+00:00\",\"dateModified\":\"2025-11-25T21:23:47+00:00\",\"breadcrumb\":{\"@id\":\"https:\/\/funandtickets.com\/es\/politica-de-privacidad\/#breadcrumb\"},\"inLanguage\":\"es\",\"potentialAction\":[{\"@type\":\"ReadAction\",\"target\":[\"https:\/\/funandtickets.com\/es\/politica-de-privacidad\/\"]}]},{\"@type\":\"BreadcrumbList\",\"@id\":\"https:\/\/funandtickets.com\/es\/politica-de-privacidad\/#breadcrumb\",\"itemListElement\":[{\"@type\":\"ListItem\",\"position\":1,\"name\":\"Home\",\"item\":\"https:\/\/funandtickets.com\/es\/\"},{\"@type\":\"ListItem\",\"position\":2,\"name\":\"Pol\u00edtica de Privacidad\"}]},{\"@type\":\"WebSite\",\"@id\":\"https:\/\/funandtickets.com\/es\/#website\",\"url\":\"https:\/\/funandtickets.com\/es\/\",\"name\":\"Excursiones Fun and Tickets\",\"description\":\"Excursiones y actividades en Madrid, Toledo, \u00c1vila, Segovia, Valle de los Ca\u00eddos, El Escorial, Alcal\u00e1 de Henares e Islas Baleares\",\"publisher\":{\"@id\":\"https:\/\/funandtickets.com\/es\/#organization\"},\"potentialAction\":[{\"@type\":\"SearchAction\",\"target\":{\"@type\":\"EntryPoint\",\"urlTemplate\":\"https:\/\/funandtickets.com\/es\/?s={search_term_string}\"},\"query-input\":{\"@type\":\"PropertyValueSpecification\",\"valueRequired\":true,\"valueName\":\"search_term_string\"}}],\"inLanguage\":\"es\"},{\"@type\":\"Organization\",\"@id\":\"https:\/\/funandtickets.com\/es\/#organization\",\"name\":\"Desarrollos Turisticos S.L.\",\"alternateName\":\"Desarrollos Turisticos\",\"url\":\"https:\/\/funandtickets.com\/es\/\",\"logo\":{\"@type\":\"ImageObject\",\"inLanguage\":\"es\",\"@id\":\"https:\/\/funandtickets.com\/es\/#\/schema\/logo\/image\/\",\"url\":\"https:\/\/funandtickets.com\/wp-content\/uploads\/2018\/10\/logofunandtickets.png\",\"contentUrl\":\"https:\/\/funandtickets.com\/wp-content\/uploads\/2018\/10\/logofunandtickets.png\",\"width\":340,\"height\":156,\"caption\":\"Desarrollos Turisticos S.L.\"},\"image\":{\"@id\":\"https:\/\/funandtickets.com\/es\/#\/schema\/logo\/image\/\"},\"sameAs\":[\"https:\/\/www.facebook.com\/funandtickets\",\"https:\/\/www.instagram.com\/funandtickets\/\",\"https:\/\/www.linkedin.com\/company\/fun-and-tickets\/\",\"https:\/\/www.youtube.com\/channel\/UCAsmvGIPWcOv3qMCZnmItpQ\"]}]}<\/script>\n<!-- \/ Yoast SEO plugin. -->","yoast_head_json":{"title":"Pol\u00edtica de Privacidad - Excursiones Fun and Tickets","robots":{"index":"index","follow":"nofollow","max-snippet":"max-snippet:-1","max-image-preview":"max-image-preview:large","max-video-preview":"max-video-preview:-1"},"og_locale":"es_ES","og_type":"article","og_title":"Pol\u00edtica de Privacidad - Excursiones Fun and Tickets","og_description":"La presente Pol\u00edtica de Privacidad establece los t\u00e9rminos en que DESARROLLOS TURISTICOS 2018 S.L usa y protege la informaci\u00f3n que es proporcionada por sus usuarios al momento de utilizar su sitio web. Esta compa\u00f1\u00eda est\u00e1 comprometida con la seguridad de los datos de sus usuarios. Cuando le pedimos llenar los campos de informaci\u00f3n personal con","og_url":"https:\/\/funandtickets.com\/es\/politica-de-privacidad\/","og_site_name":"Excursiones Fun and Tickets","article_publisher":"https:\/\/www.facebook.com\/funandtickets","article_modified_time":"2025-11-25T21:23:47+00:00","og_image":[{"width":1200,"height":675,"url":"https:\/\/funandtickets.com\/wp-content\/uploads\/2024\/10\/funandtickets-image.jpg","type":"image\/jpeg"}],"twitter_card":"summary_large_image","twitter_misc":{"Tiempo de lectura":"2 minutos"},"schema":{"@context":"https:\/\/schema.org","@graph":[{"@type":"WebPage","@id":"https:\/\/funandtickets.com\/es\/politica-de-privacidad\/","url":"https:\/\/funandtickets.com\/es\/politica-de-privacidad\/","name":"Pol\u00edtica de Privacidad - Excursiones Fun and Tickets","isPartOf":{"@id":"https:\/\/funandtickets.com\/es\/#website"},"datePublished":"2018-10-08T09:08:49+00:00","dateModified":"2025-11-25T21:23:47+00:00","breadcrumb":{"@id":"https:\/\/funandtickets.com\/es\/politica-de-privacidad\/#breadcrumb"},"inLanguage":"es","potentialAction":[{"@type":"ReadAction","target":["https:\/\/funandtickets.com\/es\/politica-de-privacidad\/"]}]},{"@type":"BreadcrumbList","@id":"https:\/\/funandtickets.com\/es\/politica-de-privacidad\/#breadcrumb","itemListElement":[{"@type":"ListItem","position":1,"name":"Home","item":"https:\/\/funandtickets.com\/es\/"},{"@type":"ListItem","position":2,"name":"Pol\u00edtica de Privacidad"}]},{"@type":"WebSite","@id":"https:\/\/funandtickets.com\/es\/#website","url":"https:\/\/funandtickets.com\/es\/","name":"Excursiones Fun and Tickets","description":"Excursiones y actividades en Madrid, Toledo, \u00c1vila, Segovia, Valle de los Ca\u00eddos, El Escorial, Alcal\u00e1 de Henares e Islas Baleares","publisher":{"@id":"https:\/\/funandtickets.com\/es\/#organization"},"potentialAction":[{"@type":"SearchAction","target":{"@type":"EntryPoint","urlTemplate":"https:\/\/funandtickets.com\/es\/?s={search_term_string}"},"query-input":{"@type":"PropertyValueSpecification","valueRequired":true,"valueName":"search_term_string"}}],"inLanguage":"es"},{"@type":"Organization","@id":"https:\/\/funandtickets.com\/es\/#organization","name":"Desarrollos Turisticos S.L.","alternateName":"Desarrollos Turisticos","url":"https:\/\/funandtickets.com\/es\/","logo":{"@type":"ImageObject","inLanguage":"es","@id":"https:\/\/funandtickets.com\/es\/#\/schema\/logo\/image\/","url":"https:\/\/funandtickets.com\/wp-content\/uploads\/2018\/10\/logofunandtickets.png","contentUrl":"https:\/\/funandtickets.com\/wp-content\/uploads\/2018\/10\/logofunandtickets.png","width":340,"height":156,"caption":"Desarrollos Turisticos S.L."},"image":{"@id":"https:\/\/funandtickets.com\/es\/#\/schema\/logo\/image\/"},"sameAs":["https:\/\/www.facebook.com\/funandtickets","https:\/\/www.instagram.com\/funandtickets\/","https:\/\/www.linkedin.com\/company\/fun-and-tickets\/","https:\/\/www.youtube.com\/channel\/UCAsmvGIPWcOv3qMCZnmItpQ"]}]}},"_links":{"self":[{"href":"https:\/\/funandtickets.com\/es\/wp-json\/wp\/v2\/pages\/3798","targetHints":{"allow":["GET"]}}],"collection":[{"href":"https:\/\/funandtickets.com\/es\/wp-json\/wp\/v2\/pages"}],"about":[{"href":"https:\/\/funandtickets.com\/es\/wp-json\/wp\/v2\/types\/page"}],"author":[{"embeddable":true,"href":"https:\/\/funandtickets.com\/es\/wp-json\/wp\/v2\/users\/1"}],"replies":[{"embeddable":true,"href":"https:\/\/funandtickets.com\/es\/wp-json\/wp\/v2\/comments?post=3798"}],"version-history":[{"count":0,"href":"https:\/\/funandtickets.com\/es\/wp-json\/wp\/v2\/pages\/3798\/revisions"}],"wp:attachment":[{"href":"https:\/\/funandtickets.com\/es\/wp-json\/wp\/v2\/media?parent=3798"}],"curies":[{"name":"wp","href":"https:\/\/api.w.org\/{rel}","templated":true}]}}